{"id":1460,"date":"2025-10-30T14:35:45","date_gmt":"2025-10-30T13:35:45","guid":{"rendered":"https:\/\/mayenne.arcaam.fr\/?page_id=1460"},"modified":"2025-10-31T13:02:34","modified_gmt":"2025-10-31T12:02:34","slug":"detente-2026","status":"publish","type":"page","link":"https:\/\/mayenne.arcaam.fr\/index.php\/accueil\/detente\/detente-2026\/","title":{"rendered":"D\u00e9tente 2026"},"content":{"rendered":"\n<div class=\"wp-block-uagb-container uagb-block-494c42c4 alignfull uagb-is-root-container\"><div class=\"uagb-container-inner-blocks-wrap\">\n<div class=\"wp-block-uagb-container uagb-block-99f5f90c\">\n<div class=\"wp-block-uagb-container uagb-block-b461192a\"><\/div>\n\n\n\n<div class=\"wp-block-uagb-advanced-heading uagb-block-930f744f\"><h2 class=\"uagb-heading-text\">D\u00e9tente 2026<\/h2><\/div>\n\n\n\n<div class=\"wp-block-uagb-info-box uagb-block-3dc4282b uagb-infobox__content-wrap  uagb-infobox-icon-above-title uagb-infobox-image-valign-top\"><div class=\"uagb-ifb-content\"><div class=\"uagb-ifb-title-wrap\"><\/div><p class=\"uagb-ifb-desc\">Responsables de l&rsquo;activit\u00e9 : <br>Joelle CLAUDE t\u00e9l :&nbsp; 07 81 56 39 14&nbsp;&nbsp;mail : jmclaude14@orange.fr<br>&nbsp;Christine ERNAELSTEEN t\u00e9l:&nbsp; 06 25 88 09 35  Mail&nbsp;<a href=\"mailto:christine.ernaelsteen-cormier@orange.fr\" target=\"_blank\" rel=\"noreferrer noopener\">christine.ernaelsteen-cormier@orange.fr<\/a>&nbsp;<\/p><\/div><\/div>\n<\/div>\n<\/div><\/div>\n","protected":false},"excerpt":{"rendered":"<p>D\u00e9tente 2026<\/p>\n","protected":false},"author":1,"featured_media":0,"parent":308,"menu_order":0,"comment_status":"closed","ping_status":"closed","template":"","meta":{"_uag_custom_page_level_css":"","site-sidebar-layout":"default","site-content-layout":"","ast-site-content-layout":"default","site-content-style":"default","site-sidebar-style":"default","ast-global-header-display":"","ast-banner-title-visibility":"","ast-main-header-display":"","ast-hfb-above-header-display":"","ast-hfb-below-header-display":"","ast-hfb-mobile-header-display":"","site-post-title":"disabled","ast-breadcrumbs-content":"","ast-featured-img":"","footer-sml-layout":"","ast-disable-related-posts":"","theme-transparent-header-meta":"","adv-header-id-meta":"","stick-header-meta":"","header-above-stick-meta":"","header-main-stick-meta":"","header-below-stick-meta":"","astra-migrate-meta-layouts":"default","ast-page-background-enabled":"default","ast-page-background-meta":{"desktop":{"background-color":"var(--ast-global-color-4)","background-image":"","background-repeat":"repeat","background-position":"center center","background-size":"auto","background-attachment":"scroll","background-type":"","background-media":"","overlay-type":"","overlay-color":"","overlay-opacity":"","overlay-gradient":""},"tablet":{"background-color":"","background-image":"","background-repeat":"repeat","background-position":"center center","background-size":"auto","background-attachment":"scroll","background-type":"","background-media":"","overlay-type":"","overlay-color":"","overlay-opacity":"","overlay-gradient":""},"mobile":{"background-color":"","background-image":"","background-repeat":"repeat","background-position":"center center","background-size":"auto","background-attachment":"scroll","background-type":"","background-media":"","overlay-type":"","overlay-color":"","overlay-opacity":"","overlay-gradient":""}},"ast-content-background-meta":{"desktop":{"background-color":"var(--ast-global-color-5)","background-image":"","background-repeat":"repeat","background-position":"center center","background-size":"auto","background-attachment":"scroll","background-type":"","background-media":"","overlay-type":"","overlay-color":"","overlay-opacity":"","overlay-gradient":""},"tablet":{"background-color":"var(--ast-global-color-5)","background-image":"","background-repeat":"repeat","background-position":"center center","background-size":"auto","background-attachment":"scroll","background-type":"","background-media":"","overlay-type":"","overlay-color":"","overlay-opacity":"","overlay-gradient":""},"mobile":{"background-color":"var(--ast-global-color-5)","background-image":"","background-repeat":"repeat","background-position":"center center","background-size":"auto","background-attachment":"scroll","background-type":"","background-media":"","overlay-type":"","overlay-color":"","overlay-opacity":"","overlay-gradient":""}},"footnotes":""},"class_list":["post-1460","page","type-page","status-publish","hentry"],"uagb_featured_image_src":{"full":false,"thumbnail":false,"medium":false,"medium_large":false,"large":false,"1536x1536":false,"2048x2048":false},"uagb_author_info":{"display_name":"admin1029","author_link":"https:\/\/mayenne.arcaam.fr\/index.php\/author\/admin1029\/"},"uagb_comment_info":0,"uagb_excerpt":"D\u00e9tente 2026","_links":{"self":[{"href":"https:\/\/mayenne.arcaam.fr\/index.php\/wp-json\/wp\/v2\/pages\/1460","targetHints":{"allow":["GET"]}}],"collection":[{"href":"https:\/\/mayenne.arcaam.fr\/index.php\/wp-json\/wp\/v2\/pages"}],"about":[{"href":"https:\/\/mayenne.arcaam.fr\/index.php\/wp-json\/wp\/v2\/types\/page"}],"author":[{"embeddable":true,"href":"https:\/\/mayenne.arcaam.fr\/index.php\/wp-json\/wp\/v2\/users\/1"}],"replies":[{"embeddable":true,"href":"https:\/\/mayenne.arcaam.fr\/index.php\/wp-json\/wp\/v2\/comments?post=1460"}],"version-history":[{"count":0,"href":"https:\/\/mayenne.arcaam.fr\/index.php\/wp-json\/wp\/v2\/pages\/1460\/revisions"}],"up":[{"embeddable":true,"href":"https:\/\/mayenne.arcaam.fr\/index.php\/wp-json\/wp\/v2\/pages\/308"}],"wp:attachment":[{"href":"https:\/\/mayenne.arcaam.fr\/index.php\/wp-json\/wp\/v2\/media?parent=1460"}],"curies":[{"name":"wp","href":"https:\/\/api.w.org\/{rel}","templated":true}]}}