{"id":1616,"date":"2025-11-26T13:02:32","date_gmt":"2025-11-26T12:02:32","guid":{"rendered":"https:\/\/mayenne.arcaam.fr\/?page_id=1616"},"modified":"2025-12-05T11:27:40","modified_gmt":"2025-12-05T10:27:40","slug":"mutuelle-2026","status":"publish","type":"page","link":"https:\/\/mayenne.arcaam.fr\/index.php\/accueil\/mutuelle\/mutuelle-2026\/","title":{"rendered":"Mutuelle 2026"},"content":{"rendered":"\n<div class=\"wp-block-uagb-container uagb-block-494c42c4 alignfull uagb-is-root-container\"><div class=\"uagb-container-inner-blocks-wrap\">\n<div class=\"wp-block-uagb-container uagb-block-99f5f90c\">\n<div class=\"wp-block-uagb-container uagb-block-b461192a\"><\/div>\n\n\n\n<div class=\"wp-block-uagb-advanced-heading uagb-block-930f744f\"><h2 class=\"uagb-heading-text\">Compl\u00e9mentaire sant\u00e9 2026<\/h2><\/div>\n\n\n\n<div class=\"wp-block-uagb-info-box uagb-block-3dc4282b uagb-infobox__content-wrap  uagb-infobox-icon-above-title uagb-infobox-image-valign-top\"><div class=\"uagb-ifb-content\"><div class=\"uagb-ifb-title-wrap\"><\/div><p class=\"uagb-ifb-desc\">Responsable : <\/p><\/div><\/div>\n<\/div>\n<\/div><\/div>\n\n\n\n<div class=\"wp-block-uagb-container uagb-block-42293c76 alignfull uagb-is-root-container\"><div class=\"uagb-container-inner-blocks-wrap\">\n<div class=\"wp-block-uagb-container uagb-block-7943b554\">\n<div class=\"wp-block-uagb-advanced-heading uagb-block-323339c7\"><h2 class=\"uagb-heading-text\"><strong>NOUVEAU CONTRAT COMPLEMENTAIRE SANTE&nbsp; MUTUELLE VERTE<\/strong><br><strong>au 1<sup>er<\/sup> janvier 2026<\/strong><\/h2><div class=\"uagb-separator\"><\/div><\/div>\n\n\n\n<p>Nous vous informons que les adh\u00e9rents au contrat groupe Mutuelle Verte <strong>en retraite avant juillet 2017<\/strong> vont recevoir prochainement un mail et un courrier de Mutuelle Verte pour adh\u00e9rer \u00e0 un nouveau contrat groupe ouvert.<br>En effet, apr\u00e8s les fortes hausses de cotisations des 3 derni\u00e8res ann\u00e9es (+ 6,9% en 2023, 16% en 2024 et 14,73% en 2025) et les nombreux d\u00e9parts vers d\u2019autre compl\u00e9mentaire Sant\u00e9, les 3 amicales de retrait\u00e9s de l\u2019Anjou, de la Mayenne et de la Sarthe ont engag\u00e9 courant 2025 une r\u00e9flexion avec Mutuelle Verte pour sortir des contrats actuels ferm\u00e9s et nous proposer un nouveau contrat ouvert avec garanties et tarifs plus adapt\u00e9s. <br>(voir l&rsquo;information sur notre r\u00e9flexion dans la vignette 2025 sur le site ARCA53).<br><br>Finalement nous venons de concr\u00e9tiser ce nouveau contrat OUVERT effectif au 1er janvier 2026 dont les principales caract\u00e9ristiques sont les suivantes :<\/p>\n\n\n\n<ul class=\"wp-block-list\">\n<li>C\u2019est un contrat OUVERT avec des garanties fortes sur les postes essentiels.<\/li>\n\n\n\n<li>Des ajustements tarifaires comp\u00e9titifs ont \u00e9t\u00e9 obtenus en r\u00e9duisant les remboursements sur certains postes en contrepartie d\u2019une r\u00e9duction tarifaire.<\/li>\n\n\n\n<li>une option permettant d\u2019augmenter le niveau de remboursement.<\/li>\n\n\n\n<li>un am\u00e9nagement sur le poste M\u00e9decine douce avec \u00e9largissement des praticiens rembours\u00e9s.<br><br><strong>EN PRATIQUE :<\/strong><br>Vous \u00eates d\u00e9j\u00e0 actuellement dans le contrat groupe Mutuelle Verte :<\/li>\n\n\n\n<li><strong>Si vous \u00eates dans le contrat ferm\u00e9 SOCLE 790 : <\/strong><br>Vous allez recevoir prochainement par courrier postal et par mail ce nouveau contrat avec les tarifs et les garanties ainsi que les modalit\u00e9s pour souscrire au nouveau contrat. A d\u00e9faut, vous resterez rattach\u00e9 au contrat ferm\u00e9 SOCLE 790.<\/li>\n\n\n\n<li><strong>Si vous \u00eates dans le contrat ferm\u00e9 SOCLE 795 : <\/strong><br>Vous basculez <strong>automatiquement<\/strong> dans le nouveau contrat que vous allez recevoir prochainement par courrier postal et par mail avec les tarifs et les garanties. <\/li>\n\n\n\n<li><strong>Pour \u00ab\u00a0basculer\u00a0\u00bb sur ce nouveau r\u00e9gime, vous n\u2019avez aucune d\u00e9marche \u00e0 r\u00e9aliser, hormis si vous souhaitez b\u00e9n\u00e9ficier du r\u00e9gime optionnel. Dans ce cas, il faut compl\u00e9ter le bulletin d&rsquo;affiliation papier et le renvoyer par voie postale \u00e0 LA MUTUELLE VERTE ou en faire la demande aupr\u00e8s du centre de gestion via votre espace adh\u00e9rent \u00ab\u00a0Ma Sant\u00e9\u00a0\u00bb.<br><\/strong><br><strong>Nous vous invitons \u00e0 lire attentivement ce courrier et ne pas h\u00e9siter \u00e0 interroger Mutuelle Verte pour des informations compl\u00e9mentaires.<\/strong><br><br><strong>Vous n\u2019\u00eates pas dans le contrat groupe Mutuelle Verte :<\/strong><br>L\u2019avantage du nouveau contrat est qu\u2019il est \u00ab ouvert \u00bb donc il peut accueillir de nouveaux adh\u00e9rents provenant d&rsquo;autres Mutuelles.<br><br><strong>Vous pouvez visualiser tous les documents ci dessous (courriers, les tarifs, garanties, proc\u00e9dure pour souscrire).<\/strong><\/li>\n\n\n\n<li><a href=\"https:\/\/drive.google.com\/file\/d\/17zfAEMgyDVzqwy_UlerG665EMfTicm0h\/view?usp=drive_link\" target=\"_blank\" rel=\"noreferrer noopener\">Courriers socle 795 avec bascule automatique<\/a><\/li>\n\n\n\n<li><a href=\"https:\/\/drive.google.com\/file\/d\/1LjP9qBH1LSBJHxp9DsAQ5TZhBBzxeT7z\/view?usp=drive_link\" target=\"_blank\" rel=\"noreferrer noopener\">R\u00e9sum\u00e9 et tarifs du nouveau contrat<\/a><\/li>\n\n\n\n<li><a href=\"https:\/\/drive.google.com\/file\/d\/1qprxYt-yGuj9NYH7EKoFq7BpwmPJrS8Q\/view?usp=drive_link\" target=\"_blank\" rel=\"noreferrer noopener\">Bulletin pour souscrire \u00e0 l option<\/a><\/li>\n\n\n\n<li><a href=\"https:\/\/drive.google.com\/file\/d\/1eFKifAFiN0-RKPtL1AcPAcz3llqJRSnO\/view?usp=drive_link\" target=\"_blank\" rel=\"noreferrer noopener\">Socle 790 R\u00e9sum\u00e9 des garanties et tarifs<\/a><\/li>\n\n\n\n<li><a href=\"https:\/\/drive.google.com\/file\/d\/1zdcd7_anv6D3QRee-wYyfSVfD9W79iqd\/view?usp=drive_link\" target=\"_blank\" rel=\"noreferrer noopener\">R\u00e9sum\u00e9 des garanties et tarifs si bascule nouveau contrat<\/a><\/li>\n\n\n\n<li><a href=\"https:\/\/drive.google.com\/file\/d\/1YL3Eqf6J1AhD6Riez0J7JXiGJ4PpRPte\/view?usp=drive_link\" target=\"_blank\" rel=\"noreferrer noopener\">Bulletin adh\u00e9sion au nouveau contrat<\/a><\/li>\n<\/ul>\n<\/div>\n\n\n\n<div class=\"wp-block-uagb-separator uagb-block-999a01d8\"><div class=\"wp-block-uagb-separator__inner\" style=\"--my-background-image:\"><\/div><\/div>\n<\/div><\/div>\n\n\n\n<p><\/p>\n","protected":false},"excerpt":{"rendered":"<p>Compl\u00e9mentaire sant\u00e9 2026 NOUVEAU CONTRAT COMPLEMENTAIRE SANTE&nbsp; MUTUELLE VERTEau 1er janvier 2026 Nous vous informons que les adh\u00e9rents au contrat [&hellip;]<\/p>\n","protected":false},"author":1,"featured_media":0,"parent":217,"menu_order":0,"comment_status":"closed","ping_status":"closed","template":"","meta":{"_uag_custom_page_level_css":"","site-sidebar-layout":"default","site-content-layout":"","ast-site-content-layout":"default","site-content-style":"default","site-sidebar-style":"default","ast-global-header-display":"","ast-banner-title-visibility":"","ast-main-header-display":"","ast-hfb-above-header-display":"","ast-hfb-below-header-display":"","ast-hfb-mobile-header-display":"","site-post-title":"disabled","ast-breadcrumbs-content":"","ast-featured-img":"","footer-sml-layout":"","ast-disable-related-posts":"","theme-transparent-header-meta":"","adv-header-id-meta":"","stick-header-meta":"","header-above-stick-meta":"","header-main-stick-meta":"","header-below-stick-meta":"","astra-migrate-meta-layouts":"default","ast-page-background-enabled":"default","ast-page-background-meta":{"desktop":{"background-color":"var(--ast-global-color-4)","background-image":"","background-repeat":"repeat","background-position":"center center","background-size":"auto","background-attachment":"scroll","background-type":"","background-media":"","overlay-type":"","overlay-color":"","overlay-opacity":"","overlay-gradient":""},"tablet":{"background-color":"","background-image":"","background-repeat":"repeat","background-position":"center center","background-size":"auto","background-attachment":"scroll","background-type":"","background-media":"","overlay-type":"","overlay-color":"","overlay-opacity":"","overlay-gradient":""},"mobile":{"background-color":"","background-image":"","background-repeat":"repeat","background-position":"center center","background-size":"auto","background-attachment":"scroll","background-type":"","background-media":"","overlay-type":"","overlay-color":"","overlay-opacity":"","overlay-gradient":""}},"ast-content-background-meta":{"desktop":{"background-color":"var(--ast-global-color-5)","background-image":"","background-repeat":"repeat","background-position":"center center","background-size":"auto","background-attachment":"scroll","background-type":"","background-media":"","overlay-type":"","overlay-color":"","overlay-opacity":"","overlay-gradient":""},"tablet":{"background-color":"var(--ast-global-color-5)","background-image":"","background-repeat":"repeat","background-position":"center center","background-size":"auto","background-attachment":"scroll","background-type":"","background-media":"","overlay-type":"","overlay-color":"","overlay-opacity":"","overlay-gradient":""},"mobile":{"background-color":"var(--ast-global-color-5)","background-image":"","background-repeat":"repeat","background-position":"center center","background-size":"auto","background-attachment":"scroll","background-type":"","background-media":"","overlay-type":"","overlay-color":"","overlay-opacity":"","overlay-gradient":""}},"footnotes":""},"class_list":["post-1616","page","type-page","status-publish","hentry"],"uagb_featured_image_src":{"full":false,"thumbnail":false,"medium":false,"medium_large":false,"large":false,"1536x1536":false,"2048x2048":false},"uagb_author_info":{"display_name":"admin1029","author_link":"https:\/\/mayenne.arcaam.fr\/index.php\/author\/admin1029\/"},"uagb_comment_info":0,"uagb_excerpt":"Compl\u00e9mentaire sant\u00e9 2026 NOUVEAU CONTRAT COMPLEMENTAIRE SANTE&nbsp; MUTUELLE VERTEau 1er janvier 2026 Nous vous informons que les adh\u00e9rents au contrat [&hellip;]","_links":{"self":[{"href":"https:\/\/mayenne.arcaam.fr\/index.php\/wp-json\/wp\/v2\/pages\/1616","targetHints":{"allow":["GET"]}}],"collection":[{"href":"https:\/\/mayenne.arcaam.fr\/index.php\/wp-json\/wp\/v2\/pages"}],"about":[{"href":"https:\/\/mayenne.arcaam.fr\/index.php\/wp-json\/wp\/v2\/types\/page"}],"author":[{"embeddable":true,"href":"https:\/\/mayenne.arcaam.fr\/index.php\/wp-json\/wp\/v2\/users\/1"}],"replies":[{"embeddable":true,"href":"https:\/\/mayenne.arcaam.fr\/index.php\/wp-json\/wp\/v2\/comments?post=1616"}],"version-history":[{"count":0,"href":"https:\/\/mayenne.arcaam.fr\/index.php\/wp-json\/wp\/v2\/pages\/1616\/revisions"}],"up":[{"embeddable":true,"href":"https:\/\/mayenne.arcaam.fr\/index.php\/wp-json\/wp\/v2\/pages\/217"}],"wp:attachment":[{"href":"https:\/\/mayenne.arcaam.fr\/index.php\/wp-json\/wp\/v2\/media?parent=1616"}],"curies":[{"name":"wp","href":"https:\/\/api.w.org\/{rel}","templated":true}]}}